{"id":3,"date":"2026-02-19T14:04:45","date_gmt":"2026-02-19T14:04:45","guid":{"rendered":"https:\/\/elegant-banzai.142-132-206-85.plesk.page\/?page_id=3"},"modified":"2026-03-02T15:12:26","modified_gmt":"2026-03-02T14:12:26","slug":"privacy-policy","status":"publish","type":"page","link":"https:\/\/theater-buempliz.ch\/?page_id=3","title":{"rendered":"Privacy Policy"},"content":{"rendered":"<section class=\"l-section wpb_row height_large with_img parallax_fixed\"><div class=\"l-section-img\" role=\"img\" aria-label=\"a black and white photo of a piece of paper\" data-img-width=\"900\" data-img-height=\"1200\" style=\"background-image: url(https:\/\/theater-buempliz.ch\/wp-content\/uploads\/2026\/02\/7jotppsu8hi.jpg);background-repeat: no-repeat;\"><\/div><div class=\"l-section-overlay\" style=\"background:rgba(255,247,223,0.8)\"><\/div><div class=\"l-section-h i-cf\"><div class=\"g-cols vc_row via_grid cols_1-2 laptops-cols_inherit tablets-cols_inherit mobiles-cols_1 valign_top type_default stacking_default\"><div class=\"wpb_column vc_column_container\"><div class=\"vc_column-inner\"><div class=\"wpb_text_column\"><div class=\"wpb_wrapper\"><h2>Impressum<\/h2>\n<p>Theater Schloss B\u00fcmpliz<br \/>\nWinterholzstr. 41<br \/>\n3018 Bern<\/p>\n<p>Kontakt E-Mail:<br \/>\n<a href=\"mailto:info@theater-buempliz.ch\">info@theater-buempliz.ch<\/a><\/p>\n<p>Grafik\/Visueller Auftritt:<br \/>\nJudith R\u00fcegger, <a href=\"https:\/\/www.loveju.ch\" target=\"_blank\" rel=\"noopener nofollow noopener noreferrer noopener\">loveju.ch <i class=\"fas fa-external-link-alt\"><\/i><\/a>, B\u00fcmpliz<\/p>\n<p>Fotografie:<br \/>\nMichael Arn, <a href=\"https:\/\/www.foto-arn.ch\" target=\"_blank\" rel=\"noopener nofollow noopener noreferrer noopener\">foto-arn.ch <i class=\"fas fa-external-link-alt\"><\/i><\/a>, B\u00fcmpliz<\/p>\n<p>Website:<br \/>\nTomas Sanchez, <a href=\"https:\/\/www.giessform.com\" target=\"_blank\" rel=\"noopener nofollow noopener noreferrer noopener\">giessform.com <i class=\"fas fa-external-link-alt\"><\/i><\/a>, Bern<\/p>\n<\/div><\/div><\/div><\/div><div class=\"wpb_column vc_column_container\"><div class=\"vc_column-inner\"><div class=\"wpb_text_column\"><div class=\"wpb_wrapper\"><h2>Datenschutzerkl\u00e4rung<\/h2>\n<p>Die nachfolgende Datenschutzerkl\u00e4rung gilt f\u00fcr die Nutzung der Website von Theater Schloss B\u00fcmpliz sowie der darauf angebotenen Dienstleistungen. Die vorliegende Datenschutzerkl\u00e4rung informiert Sie \u00fcber die Erhebung personenbezogener Daten w\u00e4hrend Ihres Besuchs auf dieser Website. Mit der Nutzung dieser Website erkl\u00e4ren Sie sich mit der Bearbeitung Ihrer Personendaten gem\u00e4ss der vorliegenden Datenschutzerkl\u00e4rung einverstanden.<\/p>\n<p>Die Erhebung und die Verarbeitung Ihrer personenbezogenen Daten geschehen unter Beachtung der geltenden datenschutzrechtlichen Gesetze und Anforderungen. Im \u00dcbrigen lehnen wir jegliche Haftung bei der Nutzung dieser Website ab.<\/p>\n<p>Grunds\u00e4tzlich bietet wir unsere Dienstleistungen nur in der Schweiz an und richten uns nur an in der Schweiz wohnhafte Personen.<\/p>\n<h3>Verantwortlicher Kontakt<\/h3>\n<p>Verantwortlich f\u00fcr die Datenbearbeitungen, die wir hier beschreiben, ist die Gesch\u00e4ftsleitung.<\/p>\n<p>Wenn Sie datenschutzrechtliche Anliegen haben, k\u00f6nnen Sie uns diese an folgende Kontaktadresse mitteilen: <a href=\"mailto:info@theater-buempliz.ch\">info@theater-buempliz.ch<\/a><span id=\"span-10-64\" class=\"ct-span oxy-stock-content-styles\"><\/span><\/p>\n<h3>Diese Rechte haben Sie an Ihren Daten<\/h3>\n<p><strong>Wir sichern das Recht auf Auskunft<\/strong> \u00fcber alle zur eigenen Person gespeicherten Daten zu.<\/p>\n<p><strong>Wir sichern das Recht auf L\u00f6schung<\/strong> aller zur eigenen Person gespeicherten Daten zu. Davon ausgenommen sind Daten, zu deren Aufbewahrung wir von Gesetzes wegen verpflichtet sind. Dabei geht es z.B. um Zahlungsbelege, die wir gem\u00e4ss OR w\u00e4hrend 10 Jahren aufbewahren m\u00fcssen.<\/p>\n<p><strong>Wir sichern das Recht auf Berichtigung<\/strong> aller zur eigenen Person gespeicherten Daten zu.<\/p>\n<h3>Erhebung und Bearbeitung von Personendaten<\/h3>\n<p>Bei Benutzern, die auf unserer Website Bestellungen t\u00e4tigen, speichern wir zus\u00e4tzlich die pers\u00f6nlichen Informationen, die sie in den Formularfeldern angeben.<\/p>\n<p>Nehmen Sie \u00fcber die auf unserer Website angebotenen Kommunikationsm\u00f6glichkeiten Kontakt mit uns auf, werden Ihre Kontaktangaben und Inhalte lediglich zur Bearbeitung und Beantwortung Ihrer Anfrage verwendet.<\/p>\n<p>Wir bearbeiten in erster Linie die Personendaten, die wir im Rahmen unserer Gesch\u00e4ftsbeziehung mit unseren Kunden und anderen Gesch\u00e4ftspartnern von diesen und weiteren daran beteiligten Personen erhalten oder die wir beim Betrieb unserer Website und weiteren Anwendungen von deren Nutzern erheben.<\/p>\n<p>Um Interessierte auf dem Laufenden zu halten und mit ihnen zu kommunizieren, verwenden wir verschiedene Kan\u00e4le: dazu z\u00e4hlen Briefpost, E-Mail oder Telefon.<\/p>\n<h3>Dauer der Aufbewahrung von Personendaten<\/h3>\n<p>Wir l\u00f6schen personenbezogene Daten, wenn die Daten f\u00fcr den bei der Zustimmung erw\u00e4hnten Zweck nicht mehr ben\u00f6tigt werden oder wenn eine Person die Zustimmung zur Nutzung ihrer Daten widerruft.<\/p>\n<h3>Datenweitergabe<\/h3>\n<p><strong>Wir versichern, niemals personenbezogene Daten an Dritte weiterzugeben<\/strong>, wo dies nicht gesetzlich vorgeschrieben oder f\u00fcr den Zweck notwendig ist, dem eine Person zugestimmt hat.<\/p>\n<p>Wir arbeiten mit Drittanbietern zusammen und \u00fcbermittelt ihnen, wo dies n\u00f6tig ist, personenbezogene Daten. Wenn immer m\u00f6glich arbeiten wir mit Anbietern in der Schweiz zusammen.<\/p>\n<p>Wir werden die personenbezogenen Daten in jedem Falle nur f\u00fcr den Zweck bearbeiten und verwenden, dem Sie zugestimmt haben.<\/p>\n<h3>Cookies und Log-Files<\/h3>\n<p>Wie quasi alle Websiten zeichnet unser Webserver personenunabh\u00e4ngige Daten wie z.B. die Browser-Version, die besuchte Seite sowie die verwendete IP-Adresse auf. Unsere Seite kann zur Sicherstellung der Funktionalit\u00e4t auch Cookies verwenden.<\/p>\n<p>Wir k\u00f6nnen aus diesen Daten keine R\u00fcckschl\u00fcsse darauf ziehen, welche Person unsere Seite besucht hat. Die Daten k\u00f6nnen zur Erbringung und Verbesserung der Funktionalit\u00e4t unserer Seite verwendet oder im Falle eines digitalen Angriffs auf unsere Seite im Rahmen der geltenden Gesetzgebung zur Unterst\u00fctzung der Strafverfolgungsbeh\u00f6rden zur Verf\u00fcgung gestellt werden.<\/p>\n<h3>Eingebettete Inhalte von anderen Websites<\/h3>\n<p>Beitr\u00e4ge auf dieser Website k\u00f6nnen eingebettete Inhalte beinhalten (z. B. Videos, Bilder, Beitr\u00e4ge etc.). Eingebettete Inhalte von anderen Websites verhalten sich so, als ob der Besucher die andere Website besucht h\u00e4tte. Diese externen Webseiten k\u00f6nnen Daten \u00fcber Sie sammeln, Cookies benutzen, zus\u00e4tzliche Tracking-Dienste von Dritten einbetten und Ihre Interaktion mit diesem eingebetteten Inhalt aufzeichnen, inklusive Ihrer Interaktion mit dem eingebetteten Inhalt, falls Sie ein Konto haben und auf diesen Webseiten angemeldet sind.<\/p>\n<h3>\u00c4nderungen<\/h3>\n<p>Wir k\u00f6nnen diese Datenschutzerkl\u00e4rung jederzeit ohne Vorank\u00fcndigung anpassen. Es gilt die jeweils aktuelle, auf unserer Website publizierte Fassung.<\/p>\n<p>Version vom 02.03.2026<\/p>\n<\/div><\/div><\/div><\/div><\/div><\/div><\/section>\n","protected":false},"excerpt":{"rendered":"Impressum Theater Schloss B\u00fcmpliz Winterholzstr. 41 3018 Bern Kontakt E-Mail: info@theater-buempliz.ch Grafik\/Visueller Auftritt: Judith R\u00fcegger, loveju.ch, B\u00fcmpliz Fotografie: Michael Arn, foto-arn.ch, B\u00fcmpliz Website: Tomas Sanchez, giessform.com, Bern Datenschutzerkl\u00e4rung Die nachfolgende Datenschutzerkl\u00e4rung gilt f\u00fcr die Nutzung der Website von Theater Schloss B\u00fcmpliz sowie der darauf angebotenen Dienstleistungen. Die vorliegende Datenschutzerkl\u00e4rung informiert Sie \u00fcber die Erhebung personenbezogener...","protected":false},"author":2,"featured_media":0,"parent":0,"menu_order":0,"comment_status":"closed","ping_status":"closed","template":"","meta":{"footnotes":""},"class_list":["post-3","page","type-page","status-publish","hentry"],"_links":{"self":[{"href":"https:\/\/theater-buempliz.ch\/index.php?rest_route=\/wp\/v2\/pages\/3","targetHints":{"allow":["GET"]}}],"collection":[{"href":"https:\/\/theater-buempliz.ch\/index.php?rest_route=\/wp\/v2\/pages"}],"about":[{"href":"https:\/\/theater-buempliz.ch\/index.php?rest_route=\/wp\/v2\/types\/page"}],"author":[{"embeddable":true,"href":"https:\/\/theater-buempliz.ch\/index.php?rest_route=\/wp\/v2\/users\/2"}],"replies":[{"embeddable":true,"href":"https:\/\/theater-buempliz.ch\/index.php?rest_route=%2Fwp%2Fv2%2Fcomments&post=3"}],"version-history":[{"count":6,"href":"https:\/\/theater-buempliz.ch\/index.php?rest_route=\/wp\/v2\/pages\/3\/revisions"}],"predecessor-version":[{"id":313,"href":"https:\/\/theater-buempliz.ch\/index.php?rest_route=\/wp\/v2\/pages\/3\/revisions\/313"}],"wp:attachment":[{"href":"https:\/\/theater-buempliz.ch\/index.php?rest_route=%2Fwp%2Fv2%2Fmedia&parent=3"}],"curies":[{"name":"wp","href":"https:\/\/api.w.org\/{rel}","templated":true}]}}